{"id":123,"date":"2024-09-04T11:32:04","date_gmt":"2024-09-04T09:32:04","guid":{"rendered":"http:\/\/test.idunion.info\/colibri-wp\/"},"modified":"2026-03-16T15:56:44","modified_gmt":"2026-03-16T14:56:44","slug":"colibri-wp","status":"publish","type":"page","link":"https:\/\/idunion.org\/en\/","title":{"rendered":"Front Page"},"content":{"rendered":"<div class=\"wp-block-cover is-light\" style=\"min-height:96vh;aspect-ratio:unset;\"><video class=\"wp-block-cover__video-background intrinsic-ignore\" autoplay muted loop playsinline src=\"https:\/\/idunion.org\/wp-content\/uploads\/2025\/02\/16x9_1024_IDUnion_H3_M2_C3_V6_small4.mp4\" data-object-fit=\"cover\"><\/video><span aria-hidden=\"true\" class=\"wp-block-cover__background has-background-dim\" style=\"background-color:#FFF\"><\/span><div class=\"wp-block-cover__inner-container is-layout-flow wp-block-cover-is-layout-flow\">\n<p class=\"has-text-align-center has-xx-large-font-size\"><strong>The<\/strong> <strong>ecosystem for<\/strong><\/p>\n\n\n\n<p class=\"has-text-align-center has-xx-large-font-size\"><strong>Digital Identities<\/strong><\/p>\n<\/div><\/div>\n\n\n\n<main class=\"wp-block-group is-layout-flow wp-block-group-is-layout-flow\">\n<div class=\"wp-block-group wrap-grid has-base-2-background-color has-background is-layout-grid wp-container-core-group-is-layout-b757edec wp-block-group-is-layout-grid\"><\/div>\n\n\n\n<div class=\"wp-block-group alignfull has-base-2-background-color has-background has-global-padding is-layout-constrained wp-container-core-group-is-layout-669513ed wp-block-group-is-layout-constrained\" style=\"margin-top:0;margin-bottom:0;padding-top:var(--wp--preset--spacing--50);padding-right:var(--wp--preset--spacing--50);padding-bottom:var(--wp--preset--spacing--50);padding-left:var(--wp--preset--spacing--50)\">\n<div class=\"wp-block-group is-vertical is-content-justification-center is-layout-flex wp-container-core-group-is-layout-52b864f0 wp-block-group-is-layout-flex\">\n<h2 class=\"wp-block-heading has-text-align-center is-style-asterisk\">Governing Authority for Digital Identities<\/h2>\n\n\n\n<div style=\"height:0px\" aria-hidden=\"true\" class=\"wp-block-spacer wp-container-content-4f2ccadb\"><\/div>\n\n\n\n<p class=\"has-text-align-center\">We are an independent entity and a Governing Authority for digital ecosystems.<\/p>\n<\/div>\n\n\n\n<div style=\"margin-top:0;margin-bottom:0;height:var(--wp--preset--spacing--40)\" aria-hidden=\"true\" class=\"wp-block-spacer\"><\/div>\n\n\n\n<div class=\"wp-block-columns alignwide is-layout-flex wp-container-core-columns-is-layout-d0bbbce0 wp-block-columns-is-layout-flex\">\n<div class=\"wp-block-column is-layout-flow wp-container-core-column-is-layout-e3d1c41b wp-block-column-is-layout-flow\">\n<h3 class=\"wp-block-heading has-text-align-left is-style-asterisk has-body-font-family has-medium-font-size\" style=\"font-style:normal;font-weight:600\">Democratic Governance<\/h3>\n\n\n\n<p class=\"has-text-align-left\">Structured as a European Cooperative, we operate on a not-for-profit basis, ensuring decisions serve our members and the wider community.<\/p>\n<\/div>\n\n\n\n<div class=\"wp-block-column is-layout-flow wp-container-core-column-is-layout-e3d1c41b wp-block-column-is-layout-flow\">\n<h3 class=\"wp-block-heading has-text-align-left is-style-asterisk has-body-font-family has-medium-font-size\" style=\"font-style:normal;font-weight:600\">Collaborative Trust network<\/h3>\n\n\n\n<p class=\"has-text-align-left\">Our members collectively manage a robust trust anchor for digital identities, leveraging the power of distributed systems.<\/p>\n<\/div>\n\n\n\n<div class=\"wp-block-column is-layout-flow wp-container-core-column-is-layout-e3d1c41b wp-block-column-is-layout-flow\">\n<h3 class=\"wp-block-heading has-text-align-left is-style-asterisk has-body-font-family has-medium-font-size\" style=\"font-style:normal;font-weight:600\">Transparent Trust Registries<\/h3>\n\n\n\n<p class=\"has-text-align-left\">We provide public DID, Schema, and Revocation registries, allowing users to securely store and manage their metadata.<\/p>\n<\/div>\n<\/div>\n\n\n\n<div style=\"height:var(--wp--preset--spacing--20)\" aria-hidden=\"true\" class=\"wp-block-spacer\"><\/div>\n\n\n\n<div class=\"wp-block-columns alignwide is-layout-flex wp-container-core-columns-is-layout-d0bbbce0 wp-block-columns-is-layout-flex\">\n<div class=\"wp-block-column is-layout-flow wp-container-core-column-is-layout-e3d1c41b wp-block-column-is-layout-flow\">\n<h3 class=\"wp-block-heading has-text-align-left is-style-asterisk has-body-font-family has-medium-font-size\" style=\"font-style:normal;font-weight:600\">Empowering Self-Sovereign Identity<\/h3>\n\n\n\n<p class=\"has-text-align-left\">We advocate individual data control, enabling both natural persons and legal entities to manage their digital presence autonomously.<\/p>\n<\/div>\n\n\n\n<div class=\"wp-block-column is-layout-flow wp-container-core-column-is-layout-e3d1c41b wp-block-column-is-layout-flow\">\n<h3 class=\"wp-block-heading has-text-align-left is-style-asterisk has-body-font-family has-medium-font-size\" style=\"font-style:normal;font-weight:600\">Decentralized Identifier<\/h3>\n\n\n\n<p class=\"has-text-align-left\">Our network seamlessly integrates Decentralized Identifiers (DIDs) and DID documents, supporting a wide array of identity use cases.<\/p>\n<\/div>\n\n\n\n<div class=\"wp-block-column is-layout-flow wp-container-core-column-is-layout-e3d1c41b wp-block-column-is-layout-flow\">\n<h3 class=\"wp-block-heading has-text-align-left is-style-asterisk has-body-font-family has-medium-font-size\" style=\"font-style:normal;font-weight:600\">Verifiable Credentials <\/h3>\n\n\n\n<p class=\"has-text-align-left\">We empower users to securely issue, hold, and present their data as verifiable credentials, enhancing trust in digital interactions.<\/p>\n<\/div>\n<\/div>\n<\/div>\n\n\n\n<div class=\"wp-block-columns is-layout-flex wp-container-core-columns-is-layout-28f84493 wp-block-columns-is-layout-flex\">\n<div class=\"wp-block-column is-layout-flow wp-block-column-is-layout-flow\"><\/div>\n\n\n\n<div class=\"wp-block-column is-layout-flow wp-block-column-is-layout-flow\">\n<figure class=\"wp-block-video\"><video height=\"540\" style=\"aspect-ratio: 960 \/ 540;\" width=\"960\" controls src=\"https:\/\/idunion.org\/wp-content\/uploads\/2025\/02\/16x9_1024_IDUnion_H3_M2_C3_V6_small3-2.mp4\"><\/video><\/figure>\n<\/div>\n\n\n\n<div class=\"wp-block-column is-layout-flow wp-block-column-is-layout-flow\"><\/div>\n<\/div>\n\n\n<\/main>","protected":false},"excerpt":{"rendered":"<p>Governing Authority f\u00fcr digitale Identit\u00e4ten Wir sind eine neutrale Organisation, die als Governing Authority f\u00fcr digitale \u00d6kosysteme agiert. Demokratische Governance Als europ\u00e4ische Genossenschaft arbeiten wir auf Not-for-Profit Basis und stellen sicher, dass alle Entscheidungen unseren Mitgliedern dienen. Kollaboratives Vertrauensnetzwerk Unsere Mitglieder verwalten gemeinsam einen robusten Vertrauensanker f\u00fcr digitale Identit\u00e4ten und nutzen die Vorteile verteilter Systeme. [&hellip;]<\/p>\n","protected":false},"author":1,"featured_media":0,"parent":0,"menu_order":0,"comment_status":"closed","ping_status":"closed","template":"page-templates\/homepage.php","meta":{"footnotes":""},"class_list":["post-123","page","type-page","status-publish","hentry"],"_links":{"self":[{"href":"https:\/\/idunion.org\/en\/wp-json\/wp\/v2\/pages\/123","targetHints":{"allow":["GET"]}}],"collection":[{"href":"https:\/\/idunion.org\/en\/wp-json\/wp\/v2\/pages"}],"about":[{"href":"https:\/\/idunion.org\/en\/wp-json\/wp\/v2\/types\/page"}],"author":[{"embeddable":true,"href":"https:\/\/idunion.org\/en\/wp-json\/wp\/v2\/users\/1"}],"replies":[{"embeddable":true,"href":"https:\/\/idunion.org\/en\/wp-json\/wp\/v2\/comments?post=123"}],"version-history":[{"count":75,"href":"https:\/\/idunion.org\/en\/wp-json\/wp\/v2\/pages\/123\/revisions"}],"predecessor-version":[{"id":961,"href":"https:\/\/idunion.org\/en\/wp-json\/wp\/v2\/pages\/123\/revisions\/961"}],"wp:attachment":[{"href":"https:\/\/idunion.org\/en\/wp-json\/wp\/v2\/media?parent=123"}],"curies":[{"name":"wp","href":"https:\/\/api.w.org\/{rel}","templated":true}]}}