{"id":35,"date":"2024-08-29T15:56:45","date_gmt":"2024-08-29T13:56:45","guid":{"rendered":"http:\/\/test.idunion.info\/?page_id=35"},"modified":"2025-01-27T10:07:12","modified_gmt":"2025-01-27T09:07:12","slug":"impressum","status":"publish","type":"page","link":"https:\/\/idunion.org\/en\/impressum\/","title":{"rendered":"Imprint"},"content":{"rendered":"<p>Letzte \u00c4nderung: 27.01.2025<\/p>\n\n\n\n<h2 class=\"wp-block-heading\">Angaben gem\u00e4\u00df \u00a7 5 DDG<\/h2>\n\n\n\n<p>IDunion SCE mbH<br>Rheinstra\u00dfe 5<br>63225 Langen, Deutschland<\/p>\n\n\n\n<p>Vertretung durch: Christian Klugow, Jonas Hammer<\/p>\n\n\n\n<h2 class=\"wp-block-heading\">Contact<\/h2>\n\n\n\n<p>Telefon: <a href=\"tel:00494075679328800\">+49 (0)40 756 793 288-00<\/a><br>E-Mail: <a href=\"mailto:info@idunion.eu\">info@idunion.eu<\/a><\/p>\n\n\n\n<h2 class=\"wp-block-heading\">Umsatzsteuer-ID<\/h2>\n\n\n\n<p>Umsatzsteuer-Identifikationsnummer gem\u00e4\u00df \u00a7 27a Umsatzsteuergesetz: DE356844646<\/p>\n\n\n\n<h2 class=\"wp-block-heading\">Handelsregister<\/h2>\n\n\n\n<p>GnR 8255 Amtsgericht Frankfurt am Main<\/p>\n\n\n\n<h2 class=\"wp-block-heading\">Inhaltlich Verantwortlicher<\/h2>\n\n\n\n<p>Inhaltlich Verantwortlicher: Christian Klugow und Jonas Hammer (Anschrift s.o.)<\/p>\n\n\n\n<h2 class=\"wp-block-heading\">EU-Streitschlichtung<\/h2>\n\n\n\n<p>Die Europ\u00e4ische Kommission stellt eine Plattform zur Online-Streitbeilegung (OS) bereit: https:\/\/ec.europa.eu\/consumers\/odr\/.<\/p>\n\n\n\n<p>Unsere E-Mail-Adresse finden Sie oben im Impressum.<\/p>\n\n\n\n<h2 class=\"wp-block-heading\">Verbraucher\u00adstreit\u00adbeilegung \/ Universal\u00adschlichtungs\u00adstelle<\/h2>\n\n\n\n<p>Wir sind nicht bereit oder verpflichtet, an Streitbeilegungsverfahren vor einer Verbraucherschlichtungsstelle teilzunehmen.<\/p>","protected":false},"excerpt":{"rendered":"<p>Letzte \u00c4nderung: 27.01.2025 Angaben gem\u00e4\u00df \u00a7 5 DDG IDunion SCE mbHRheinstra\u00dfe 563225 Langen, Deutschland Vertretung durch: Christian Klugow, Jonas Hammer Kontakt Telefon: +49 (0)40 756 793 288-00E-Mail: info@idunion.eu Umsatzsteuer-ID Umsatzsteuer-Identifikationsnummer gem\u00e4\u00df \u00a7 27a Umsatzsteuergesetz: DE356844646 Handelsregister GnR 8255 Amtsgericht Frankfurt am Main Inhaltlich Verantwortlicher Inhaltlich Verantwortlicher: Christian Klugow und Jonas Hammer (Anschrift s.o.) EU-Streitschlichtung Die [&hellip;]<\/p>\n","protected":false},"author":1,"featured_media":0,"parent":0,"menu_order":0,"comment_status":"closed","ping_status":"closed","template":"","meta":{"footnotes":""},"class_list":["post-35","page","type-page","status-publish","hentry"],"_links":{"self":[{"href":"https:\/\/idunion.org\/en\/wp-json\/wp\/v2\/pages\/35","targetHints":{"allow":["GET"]}}],"collection":[{"href":"https:\/\/idunion.org\/en\/wp-json\/wp\/v2\/pages"}],"about":[{"href":"https:\/\/idunion.org\/en\/wp-json\/wp\/v2\/types\/page"}],"author":[{"embeddable":true,"href":"https:\/\/idunion.org\/en\/wp-json\/wp\/v2\/users\/1"}],"replies":[{"embeddable":true,"href":"https:\/\/idunion.org\/en\/wp-json\/wp\/v2\/comments?post=35"}],"version-history":[{"count":11,"href":"https:\/\/idunion.org\/en\/wp-json\/wp\/v2\/pages\/35\/revisions"}],"predecessor-version":[{"id":853,"href":"https:\/\/idunion.org\/en\/wp-json\/wp\/v2\/pages\/35\/revisions\/853"}],"wp:attachment":[{"href":"https:\/\/idunion.org\/en\/wp-json\/wp\/v2\/media?parent=35"}],"curies":[{"name":"wp","href":"https:\/\/api.w.org\/{rel}","templated":true}]}}