{"id":37,"date":"2024-08-29T15:57:57","date_gmt":"2024-08-29T13:57:57","guid":{"rendered":"http:\/\/test.idunion.info\/?page_id=37"},"modified":"2024-12-17T16:34:05","modified_gmt":"2024-12-17T15:34:05","slug":"historie","status":"publish","type":"page","link":"https:\/\/idunion.org\/en\/historie\/","title":{"rendered":"History"},"content":{"rendered":"<div class=\"wp-block-group alignfull has-base-2-background-color has-background has-global-padding is-layout-constrained wp-container-core-group-is-layout-669513ed wp-block-group-is-layout-constrained\" style=\"margin-top:0;margin-bottom:0;padding-top:var(--wp--preset--spacing--50);padding-right:var(--wp--preset--spacing--50);padding-bottom:var(--wp--preset--spacing--50);padding-left:var(--wp--preset--spacing--50)\">\n<div class=\"wp-block-columns alignwide is-layout-flex wp-container-core-columns-is-layout-1da03c2a wp-block-columns-is-layout-flex\">\n<div class=\"wp-block-column is-vertically-aligned-stretch is-layout-flow wp-block-column-is-layout-flow\" style=\"flex-basis:50%\">\n<div class=\"wp-block-group is-vertical is-content-justification-stretch is-layout-flex wp-container-core-group-is-layout-444d5ee8 wp-block-group-is-layout-flex\" style=\"min-height:100%\">\n<h2 class=\"wp-block-heading has-x-large-font-size\">The European Cooperative IDunion emerged from a research project of the same name, funded by the German Federal Ministry for Economic Affairs and Climate Action between 2021 and 2024.<\/h2>\n\n\n\n<p>The goal of the 15 consortium partners involved in the research project was to enable the development of a fundamentally new, secure infrastructure for verifying identity data based on a jointly operated distributed database.<\/p>\n<\/div>\n<\/div>\n\n\n\n<div class=\"wp-block-column is-vertically-aligned-center is-layout-flow wp-block-column-is-layout-flow\" style=\"flex-basis:50%\">\n<figure class=\"wp-block-image size-full is-style-rounded is-style-rounded--1\"><img loading=\"lazy\" decoding=\"async\" width=\"832\" height=\"1216\" src=\"https:\/\/idunion.org\/wp-content\/uploads\/2024\/12\/5d60cc1e874a44439d13958e8079f330.jpeg\" alt=\"\" class=\"wp-image-551\" style=\"aspect-ratio:3\/4;object-fit:cover\" srcset=\"https:\/\/idunion.org\/wp-content\/uploads\/2024\/12\/5d60cc1e874a44439d13958e8079f330.jpeg 832w, https:\/\/idunion.org\/wp-content\/uploads\/2024\/12\/5d60cc1e874a44439d13958e8079f330-205x300.jpeg 205w, https:\/\/idunion.org\/wp-content\/uploads\/2024\/12\/5d60cc1e874a44439d13958e8079f330-701x1024.jpeg 701w, https:\/\/idunion.org\/wp-content\/uploads\/2024\/12\/5d60cc1e874a44439d13958e8079f330-768x1122.jpeg 768w, https:\/\/idunion.org\/wp-content\/uploads\/2024\/12\/5d60cc1e874a44439d13958e8079f330-8x12.jpeg 8w\" sizes=\"auto, (max-width: 832px) 100vw, 832px\" \/><\/figure>\n<\/div>\n<\/div>\n<\/div>\n\n\n\n<div class=\"wp-block-group alignfull has-base-background-color has-background has-global-padding is-layout-constrained wp-container-core-group-is-layout-d89aad35 wp-block-group-is-layout-constrained\" style=\"margin-top:0;margin-bottom:0;padding-top:var(--wp--preset--spacing--50);padding-right:var(--wp--preset--spacing--50);padding-bottom:var(--wp--preset--spacing--50);padding-left:var(--wp--preset--spacing--50)\">\n<div class=\"wp-block-columns alignwide is-layout-flex wp-container-core-columns-is-layout-549b0c86 wp-block-columns-is-layout-flex\">\n<div class=\"wp-block-column has-global-padding is-content-justification-left is-layout-constrained wp-container-core-column-is-layout-4f15e8fe wp-block-column-is-layout-constrained\" style=\"flex-basis:40%\">\n<p>In the IDunion research project, a variety of use cases were tested in pilot implementations.<\/p>\n<\/div>\n\n\n\n<div class=\"wp-block-column is-layout-flow wp-container-core-column-is-layout-119bc444 wp-block-column-is-layout-flow\" style=\"flex-basis:60%\">\n<h2 class=\"wp-block-heading has-x-large-font-size\">The technical network was collaboratively built and utilized by various actors, including private companies, associations, cooperatives, government institutions, educational establishments, and other legal forms.<\/h2>\n\n\n\n<div class=\"wp-block-columns is-layout-flex wp-container-core-columns-is-layout-87beb0d0 wp-block-columns-is-layout-flex\">\n<div class=\"wp-block-column is-layout-flow wp-block-column-is-layout-flow\">\n<p class=\"wp-container-content-9cfa9a5a\">In July 2022, IDunion SCE, a European Cooperative Society with limited liability (Societas Cooperativa Europaea, or SCE), was established by selected partners within the research project. IDunion SCE serves as the operating company for the technical network for productive applications and is responsible for managing and regulating all processes, components, and regulatory aspects.<\/p>\n<\/div>\n\n\n\n<div class=\"wp-block-column is-layout-flow wp-block-column-is-layout-flow\">\n<p>Due to its legal form, the European cooperative offers ideal conditions for utilizing digital credentials within a Europe-wide and transparent ecosystem. It also meets all requirements for an excellent data location policy that retains core competencies at the European level while being internationally applicable.<\/p>\n<\/div>\n<\/div>\n<\/div>\n<\/div>\n<\/div>\n\n\n\n<div class=\"wp-block-group alignfull has-base-2-background-color has-background has-global-padding is-layout-constrained wp-container-core-group-is-layout-d89aad35 wp-block-group-is-layout-constrained\" style=\"margin-top:0;margin-bottom:0;padding-top:var(--wp--preset--spacing--50);padding-right:var(--wp--preset--spacing--50);padding-bottom:var(--wp--preset--spacing--50);padding-left:var(--wp--preset--spacing--50)\">\n<div class=\"wp-block-columns alignwide is-layout-flex wp-container-core-columns-is-layout-1da03c2a wp-block-columns-is-layout-flex\">\n<div class=\"wp-block-column is-vertically-aligned-center is-layout-flow wp-block-column-is-layout-flow\" style=\"flex-basis:60%\">\n<figure class=\"wp-block-image size-full is-style-rounded wp-duotone-unset-3 is-style-rounded--2\"><img loading=\"lazy\" decoding=\"async\" width=\"1344\" height=\"768\" src=\"https:\/\/idunion.org\/wp-content\/uploads\/2024\/12\/c-1.png\" alt=\"\" class=\"wp-image-549\" style=\"aspect-ratio:4\/3;object-fit:cover\" srcset=\"https:\/\/idunion.org\/wp-content\/uploads\/2024\/12\/c-1.png 1344w, https:\/\/idunion.org\/wp-content\/uploads\/2024\/12\/c-1-300x171.png 300w, https:\/\/idunion.org\/wp-content\/uploads\/2024\/12\/c-1-1024x585.png 1024w, https:\/\/idunion.org\/wp-content\/uploads\/2024\/12\/c-1-768x439.png 768w, https:\/\/idunion.org\/wp-content\/uploads\/2024\/12\/c-1-18x10.png 18w\" sizes=\"auto, (max-width: 1344px) 100vw, 1344px\" \/><\/figure>\n<\/div>\n\n\n\n<div class=\"wp-block-column is-layout-flow wp-block-column-is-layout-flow\" style=\"flex-basis:40%\">\n<h2 class=\"wp-block-heading\">Companies can join IDunion SCE as members<\/h2>\n\n\n\n<p>Membership qualifies them to operate a network node and work collaboratively with other members on application examples in compliance with antitrust laws. Through membership, members gain access to international research projects focused on self-sovereign identity (SSI) and digital identities, such as Catena-X, the European Blockchain Service Infrastructure (EBSI), or large-scale European pilots like the European Wallet Consortium or the We Build Consortium. As a neutral organization, IDunion SCE is also ready to support industry-specific use cases with governance.<\/p>\n\n\n\n<div class=\"wp-block-buttons is-layout-flex wp-block-buttons-is-layout-flex\">\n<div class=\"wp-block-button has-custom-font-size has-medium-font-size\"><a class=\"wp-block-button__link has-accent-3-background-color has-background wp-element-button\" href=\"https:\/\/idunion.org\/en\/kontakt\/\">Become a member<\/a><\/div>\n<\/div>\n<\/div>\n<\/div>\n<\/div>\n\n\n\n<div class=\"wp-block-group alignfull has-global-padding is-layout-constrained wp-container-core-group-is-layout-669513ed wp-block-group-is-layout-constrained\" style=\"margin-top:0;margin-bottom:0;padding-top:var(--wp--preset--spacing--50);padding-right:var(--wp--preset--spacing--50);padding-bottom:var(--wp--preset--spacing--50);padding-left:var(--wp--preset--spacing--50)\"><\/div>","protected":false},"excerpt":{"rendered":"<p>Die Europ\u00e4ische Genossenschaft IDunion entstand aus dem gleichnamigen Forschungsprojekt, das vom Bundesministerium f\u00fcr Wirtschaft und Klimaschutz zwischen 2021 und 2024 gef\u00f6rdert wurde. Ziel der 15 Konsortialpartner im Forschungsprojekt war es, eine grundlegend neue, sichere Infrastruktur zur \u00dcberpr\u00fcfung von Identit\u00e4tsdaten auf Basis einer gemeinsam betriebenen verteilten Datenbank zu erm\u00f6glichen. Im IDunion-Forschungsprojekt wurden eine Vielzahl von Anwendungsf\u00e4llen [&hellip;]<\/p>\n","protected":false},"author":1,"featured_media":0,"parent":0,"menu_order":0,"comment_status":"closed","ping_status":"closed","template":"","meta":{"footnotes":""},"class_list":["post-37","page","type-page","status-publish","hentry"],"_links":{"self":[{"href":"https:\/\/idunion.org\/en\/wp-json\/wp\/v2\/pages\/37","targetHints":{"allow":["GET"]}}],"collection":[{"href":"https:\/\/idunion.org\/en\/wp-json\/wp\/v2\/pages"}],"about":[{"href":"https:\/\/idunion.org\/en\/wp-json\/wp\/v2\/types\/page"}],"author":[{"embeddable":true,"href":"https:\/\/idunion.org\/en\/wp-json\/wp\/v2\/users\/1"}],"replies":[{"embeddable":true,"href":"https:\/\/idunion.org\/en\/wp-json\/wp\/v2\/comments?post=37"}],"version-history":[{"count":10,"href":"https:\/\/idunion.org\/en\/wp-json\/wp\/v2\/pages\/37\/revisions"}],"predecessor-version":[{"id":699,"href":"https:\/\/idunion.org\/en\/wp-json\/wp\/v2\/pages\/37\/revisions\/699"}],"wp:attachment":[{"href":"https:\/\/idunion.org\/en\/wp-json\/wp\/v2\/media?parent=37"}],"curies":[{"name":"wp","href":"https:\/\/api.w.org\/{rel}","templated":true}]}}