{"id":800,"date":"2025-01-22T15:07:01","date_gmt":"2025-01-22T14:07:01","guid":{"rendered":"https:\/\/idunion.org\/?page_id=800"},"modified":"2025-04-23T10:21:44","modified_gmt":"2025-04-23T08:21:44","slug":"sichere-digitale-identitaeten-fuer-produkte","status":"publish","type":"page","link":"https:\/\/idunion.org\/en\/sichere-digitale-identitaeten-fuer-produkte\/","title":{"rendered":"Secure Digital Identities for Products"},"content":{"rendered":"<div class=\"wp-block-group alignfull has-global-padding is-layout-constrained wp-container-core-group-is-layout-d89aad35 wp-block-group-is-layout-constrained\" style=\"margin-top:0;margin-bottom:0;padding-top:var(--wp--preset--spacing--50);padding-right:var(--wp--preset--spacing--50);padding-bottom:var(--wp--preset--spacing--50);padding-left:var(--wp--preset--spacing--50)\">\n<div class=\"wp-block-group alignwide has-global-padding is-layout-constrained wp-container-core-group-is-layout-19e250f3 wp-block-group-is-layout-constrained\">\n<div class=\"wp-block-columns alignwide is-layout-flex wp-container-core-columns-is-layout-d1c656ed wp-block-columns-is-layout-flex\">\n<div class=\"wp-block-column is-vertically-aligned-center is-layout-flow wp-block-column-is-layout-flow\" style=\"flex-basis:40%\">\n<h3 class=\"wp-block-heading is-style-asterisk\">Why do products need secure Digital Identities?<\/h3>\n\n\n\n<ul style=\"line-height:1.75\" class=\"wp-block-list is-style-checkmark-list\">\n<li>Similar to organizations and people, products have a Digital Identity. A Digital Identity makes it possible to verify the authenticity\nof a product, facilitate the traceability of products and control access to specific information or functions. There are currently\nvarious applications that use Digital Identities for products, such as the Digital Product Passport and the electronic warranty\ncertificate.<\/li>\n<\/ul>\n<\/div>\n\n\n\n<div class=\"wp-block-column is-layout-flow wp-block-column-is-layout-flow\" style=\"flex-basis:50%\">\n<figure class=\"wp-block-image size-large is-style-rounded is-style-rounded--1\"><img loading=\"lazy\" decoding=\"async\" width=\"1024\" height=\"888\" src=\"https:\/\/idunion.org\/wp-content\/uploads\/2025\/01\/Grafik1_Mensch-1024x888.png\" alt=\"\" class=\"wp-image-802\" srcset=\"https:\/\/idunion.org\/wp-content\/uploads\/2025\/01\/Grafik1_Mensch-1024x888.png 1024w, https:\/\/idunion.org\/wp-content\/uploads\/2025\/01\/Grafik1_Mensch-300x260.png 300w, https:\/\/idunion.org\/wp-content\/uploads\/2025\/01\/Grafik1_Mensch-768x666.png 768w, https:\/\/idunion.org\/wp-content\/uploads\/2025\/01\/Grafik1_Mensch-14x12.png 14w, https:\/\/idunion.org\/wp-content\/uploads\/2025\/01\/Grafik1_Mensch.png 1038w\" sizes=\"auto, (max-width: 1024px) 100vw, 1024px\" \/><\/figure>\n<\/div>\n<\/div>\n\n\n\n<div style=\"height:var(--wp--preset--spacing--40)\" aria-hidden=\"true\" class=\"wp-block-spacer\"><\/div>\n\n\n\n<div class=\"wp-block-columns alignwide is-layout-flex wp-container-core-columns-is-layout-d1c656ed wp-block-columns-is-layout-flex\">\n<div class=\"wp-block-column is-layout-flow wp-block-column-is-layout-flow\" style=\"flex-basis:50%\">\n<figure class=\"wp-block-image size-full is-resized is-style-rounded is-style-rounded--2\"><img loading=\"lazy\" decoding=\"async\" width=\"399\" height=\"237\" src=\"https:\/\/idunion.org\/wp-content\/uploads\/2025\/01\/Grafik2.png\" alt=\"\" class=\"wp-image-803\" style=\"width:614px;height:auto\" srcset=\"https:\/\/idunion.org\/wp-content\/uploads\/2025\/01\/Grafik2.png 399w, https:\/\/idunion.org\/wp-content\/uploads\/2025\/01\/Grafik2-300x178.png 300w, https:\/\/idunion.org\/wp-content\/uploads\/2025\/01\/Grafik2-18x12.png 18w\" sizes=\"auto, (max-width: 399px) 100vw, 399px\" \/><\/figure>\n<\/div>\n\n\n\n<div class=\"wp-block-column is-vertically-aligned-center is-layout-flow wp-block-column-is-layout-flow\" style=\"flex-basis:40%\">\n<h3 class=\"wp-block-heading is-style-asterisk\">Use-Case Digital Product Passport<\/h3>\n\n\n\n<ul style=\"line-height:1.75\" class=\"wp-block-list is-style-checkmark-list\">\n<li>The implementation of a Digital Product Passport (DPP) for certain product types is part of the planned EU regulation on the\nEcodesign of Sustainable Products (ESPR). Going forward, the DPP will document all components of a product as well as its\ncomposition and origin. But how can we ensure trust in the information provided and how can sensitive data be protected? Using\nverifiable credentials for implementing the DPP offers a solution to this.<\/li>\n<\/ul>\n<\/div>\n<\/div>\n<\/div>\n\n\n\n<h2 class=\"wp-block-heading\"><\/h2>\n\n\n\n<p>Watch this 5-minute video to learn the basics of the DPP and see how it can be implemented with Verifiable Credentials:<br>implementiert werden kann:<\/p>\n\n\n\n<figure class=\"wp-block-video\"><video height=\"1080\" style=\"aspect-ratio: 1920 \/ 1080;\" width=\"1920\" controls src=\"https:\/\/idunion.org\/wp-content\/uploads\/2025\/04\/V2_Digital_-Product_Passport_How_to_create_trust_with_Verifiable_Credentials.mp4\"><\/video><\/figure>\n\n\n\n<h2 class=\"wp-block-heading\">The DPP step by step<\/h2>\n\n\n\n<figure class=\"wp-block-image size-full\"><img loading=\"lazy\" decoding=\"async\" width=\"1024\" height=\"539\" src=\"https:\/\/idunion.org\/wp-content\/uploads\/2025\/01\/Kreislauf-1024x539-1.png\" alt=\"\" class=\"wp-image-806\" srcset=\"https:\/\/idunion.org\/wp-content\/uploads\/2025\/01\/Kreislauf-1024x539-1.png 1024w, https:\/\/idunion.org\/wp-content\/uploads\/2025\/01\/Kreislauf-1024x539-1-300x158.png 300w, https:\/\/idunion.org\/wp-content\/uploads\/2025\/01\/Kreislauf-1024x539-1-768x404.png 768w, https:\/\/idunion.org\/wp-content\/uploads\/2025\/01\/Kreislauf-1024x539-1-18x9.png 18w\" sizes=\"auto, (max-width: 1024px) 100vw, 1024px\" \/><\/figure>\n\n\n\n<figure class=\"wp-block-image aligncenter size-full\"><img loading=\"lazy\" decoding=\"async\" width=\"367\" height=\"389\" src=\"https:\/\/idunion.org\/wp-content\/uploads\/2025\/01\/Miner-2.png\" alt=\"\" class=\"wp-image-842\" srcset=\"https:\/\/idunion.org\/wp-content\/uploads\/2025\/01\/Miner-2.png 367w, https:\/\/idunion.org\/wp-content\/uploads\/2025\/01\/Miner-2-283x300.png 283w, https:\/\/idunion.org\/wp-content\/uploads\/2025\/01\/Miner-2-11x12.png 11w\" sizes=\"auto, (max-width: 367px) 100vw, 367px\" \/><\/figure>\n\n\n\n<div class=\"wp-block-group is-nowrap is-layout-flex wp-container-core-group-is-layout-6c531013 wp-block-group-is-layout-flex\">\n<p><strong>I am a raw material supplier - what advantages does the Digital Product Pass offer me?<\/strong><br><br>As a raw material supplier, it\u2019s essential to identify those requesting raw material information. Furthermore, ensuring the credibility of my identification when communicating with diverse stakeholders is vital. How can I effectively verify the identity of requesters and provide tangible proof of my identification to different\nstakeholders?\nThe answer can be found here: <a href=\"https:\/\/idunion.org\/wp-content\/uploads\/2025\/01\/1_Video_Onboarding_DPP.mp4\">https:\/\/idunion.org\/wp-content\/uploads\/2025\/01\/1_Video_Onboarding_DPP.mp4<\/a><\/p>\n<\/div>\n\n\n\n<p>As a raw material supplier, how can I effectively provide ESG information on raw materials to my customers, such as battery cell suppliers?<br>The answer can be found here: <a href=\"https:\/\/idunion.org\/wp-content\/uploads\/2025\/01\/2_Video_Retrieve_Raw_Material_Information.mp4\">https:\/\/idunion.org\/wp-content\/uploads\/2025\/01\/2_Video_Retrieve_Raw_Material_Information.mp4<\/a><\/p>\n\n\n\n<figure class=\"wp-block-image aligncenter size-full\"><img loading=\"lazy\" decoding=\"async\" width=\"417\" height=\"439\" src=\"https:\/\/idunion.org\/wp-content\/uploads\/2025\/01\/Battery-Cell-Supplier-1.png\" alt=\"\" class=\"wp-image-843\" srcset=\"https:\/\/idunion.org\/wp-content\/uploads\/2025\/01\/Battery-Cell-Supplier-1.png 417w, https:\/\/idunion.org\/wp-content\/uploads\/2025\/01\/Battery-Cell-Supplier-1-285x300.png 285w, https:\/\/idunion.org\/wp-content\/uploads\/2025\/01\/Battery-Cell-Supplier-1-11x12.png 11w\" sizes=\"auto, (max-width: 417px) 100vw, 417px\" \/><\/figure>\n\n\n\n<div class=\"wp-block-group is-nowrap is-layout-flex wp-container-core-group-is-layout-6c531013 wp-block-group-is-layout-flex\">\n<p><strong>I am a battery cell supplier - what advantages does the Digital Product Pass offer me?<\/strong><br><br>As a battery cell supplier (an intermediate product), it\u2019s crucial to identify those requesting product information.\nEnsuring the credibility of my identification when communicating with diverse stakeholders, such as raw material\nproviders, manufacturers, etc., is vital. How can I effectively verify the identity of requesters and provide tangible\nproof of my identification?\nThe answer can be found here: <a href=\"https:\/\/idunion.org\/wp-content\/uploads\/2025\/01\/1_Video_Onboarding_DPP-1.mp4\">https:\/\/idunion.org\/wp-content\/uploads\/2025\/01\/1_Video_Onboarding_DPP-1.mp4<\/a><\/p>\n<\/div>\n\n\n\n<p>As a battery cell supplier, how can I efficiently request ESG information regarding raw materials from my raw material provider?<br>The answer can be found here: <a href=\"https:\/\/idunion.org\/wp-content\/uploads\/2025\/01\/2_Video_Retrieve_Raw_Material_Information-1.mp4\">https:\/\/idunion.org\/wp-content\/uploads\/2025\/01\/2_Video_Retrieve_Raw_Material_Information-1.mp4<\/a><\/p>\n\n\n\n<figure class=\"wp-block-image aligncenter size-full\"><img loading=\"lazy\" decoding=\"async\" width=\"349\" height=\"312\" src=\"https:\/\/idunion.org\/wp-content\/uploads\/2025\/01\/Manufacturer_neu-1.png\" alt=\"\" class=\"wp-image-844\" srcset=\"https:\/\/idunion.org\/wp-content\/uploads\/2025\/01\/Manufacturer_neu-1.png 349w, https:\/\/idunion.org\/wp-content\/uploads\/2025\/01\/Manufacturer_neu-1-300x268.png 300w, https:\/\/idunion.org\/wp-content\/uploads\/2025\/01\/Manufacturer_neu-1-13x12.png 13w\" sizes=\"auto, (max-width: 349px) 100vw, 349px\" \/><\/figure>\n\n\n\n<div class=\"wp-block-group is-nowrap is-layout-flex wp-container-core-group-is-layout-6c531013 wp-block-group-is-layout-flex\"><\/div>\n\n\n\n<figure class=\"wp-block-image aligncenter size-full is-resized\"><img loading=\"lazy\" decoding=\"async\" width=\"407\" height=\"477\" src=\"https:\/\/idunion.org\/wp-content\/uploads\/2025\/01\/Consumer-1.png\" alt=\"\" class=\"wp-image-848\" style=\"width:318px;height:auto\" srcset=\"https:\/\/idunion.org\/wp-content\/uploads\/2025\/01\/Consumer-1.png 407w, https:\/\/idunion.org\/wp-content\/uploads\/2025\/01\/Consumer-1-256x300.png 256w, https:\/\/idunion.org\/wp-content\/uploads\/2025\/01\/Consumer-1-10x12.png 10w\" sizes=\"auto, (max-width: 407px) 100vw, 407px\" \/><\/figure>\n\n\n\n<div class=\"wp-block-group is-nowrap is-layout-flex wp-container-core-group-is-layout-6c531013 wp-block-group-is-layout-flex\">\n<p><strong>I am a consumer- what advantages does the Digital Product Pass offer me?<\/strong><br><br>How can I, as a consumer, quickly and easily access the information in the digital product passport? You can find the answer here: <a href=\"https:\/\/idunion.org\/wp-content\/uploads\/2025\/04\/DPP-UC4-Access-DPP-Data-as-Consumer_V6.mp4\">https:\/\/idunion.org\/wp-content\/uploads\/2025\/04\/DPP-UC4-Access-DPP-Data-as-Consumer_V6.mp4<\/a><\/p>\n<\/div>\n\n\n\n<figure class=\"wp-block-image aligncenter size-full is-resized\"><img loading=\"lazy\" decoding=\"async\" width=\"537\" height=\"574\" src=\"https:\/\/idunion.org\/wp-content\/uploads\/2025\/01\/Refurbisher-1.png\" alt=\"\" class=\"wp-image-845\" style=\"width:419px;height:auto\" srcset=\"https:\/\/idunion.org\/wp-content\/uploads\/2025\/01\/Refurbisher-1.png 537w, https:\/\/idunion.org\/wp-content\/uploads\/2025\/01\/Refurbisher-1-281x300.png 281w, https:\/\/idunion.org\/wp-content\/uploads\/2025\/01\/Refurbisher-1-11x12.png 11w\" sizes=\"auto, (max-width: 537px) 100vw, 537px\" \/><\/figure>\n\n\n\n<div class=\"wp-block-group is-nowrap is-layout-flex wp-container-core-group-is-layout-6c531013 wp-block-group-is-layout-flex\">\n<p><strong>I am a refurbisher &amp; recycler - what advantages does the Digital Product Pass offer me?<\/strong><br><br>As an organization (recycler or remanufacturer), how can I verify the identity of the organization providing the\ndigital product passport information? Ensuring the credibility of my identification when communicating with this\norganization is vital. How can I effectively provide tangible proof of my identity?\nThe answer can be found here: <a href=\"https:\/\/idunion.org\/wp-content\/uploads\/2025\/01\/1_Video_Onboarding_DPP-3.mp4\">https:\/\/idunion.org\/wp-content\/uploads\/2025\/01\/1_Video_Onboarding_DPP-3.mp4<\/a><\/p>\n<\/div>\n\n\n\n<figure class=\"wp-block-image aligncenter size-full is-resized\"><img loading=\"lazy\" decoding=\"async\" width=\"426\" height=\"515\" src=\"https:\/\/idunion.org\/wp-content\/uploads\/2025\/01\/Public_Authority-1.png\" alt=\"\" class=\"wp-image-846\" style=\"width:282px;height:auto\" srcset=\"https:\/\/idunion.org\/wp-content\/uploads\/2025\/01\/Public_Authority-1.png 426w, https:\/\/idunion.org\/wp-content\/uploads\/2025\/01\/Public_Authority-1-248x300.png 248w, https:\/\/idunion.org\/wp-content\/uploads\/2025\/01\/Public_Authority-1-10x12.png 10w\" sizes=\"auto, (max-width: 426px) 100vw, 426px\" \/><\/figure>\n\n\n\n<div class=\"wp-block-group is-nowrap is-layout-flex wp-container-core-group-is-layout-6c531013 wp-block-group-is-layout-flex\">\n<p><strong>I am a public authority - what advantages does the Digital Product Pass offer me?<\/strong><br><br>As a public authority( Market Surveillance Authorities, Customs, Regulators) how can I authenticate the identity of the organization providing digital product passport information? Ensuring the credibility of my identification when communicating with this organization is crucial. How can I effectively provide tangible proof of my identity?\nThe answer can be found here: <a href=\"https:\/\/idunion.org\/wp-content\/uploads\/2025\/01\/1_Video_Onboarding_DPP-4.mp4\">https:\/\/idunion.org\/wp-content\/uploads\/2025\/01\/1_Video_Onboarding_DPP-4.mp4<\/a><\/p>\n<\/div>\n<\/div>\n\n\n\n<h2 class=\"wp-block-heading\">Useful links<\/h2>\n\n\n\n<ul class=\"wp-block-list\">\n<li>Warranty Certificate demo: <a href=\"https:\/\/warranty-demo.ssi.eecc.de\/\" data-type=\"link\" data-id=\"https:\/\/warranty-demo.ssi.eecc.de\/\" target=\"_blank\" rel=\"noreferrer noopener\">warranty-demo.ssi.eecc.de\/<\/a><\/li>\n\n\n\n<li>Resolver Service: <a href=\"http:\/\/gs1-germany.de\/serviceverzeichnis\/gs1-germany-resolver-service\/\" data-type=\"link\" data-id=\"http:\/\/gs1-germany.de\/serviceverzeichnis\/gs1-germany-resolver-service\/\" target=\"_blank\" rel=\"noreferrer noopener\">gs1-germany.de\/serviceverzeichnis\/gs1-germany-resolver-service\/<\/a><\/li>\n\n\n\n<li><a href=\"http:\/\/www.gs1-germany.de\/innovation\/trendforschung\/dezentrale-identitaeten\" data-type=\"link\" data-id=\"http:\/\/www.gs1-germany.de\/innovation\/trendforschung\/dezentrale-identitaeten\" target=\"_blank\" rel=\"noreferrer noopener\">www.gs1-germany.de\/innovation\/trendforschung\/dezentrale-identitaeten<\/a><\/li>\n\n\n\n<li>Whitepaper <a href=\"https:\/\/idunion.org\/wp-content\/uploads\/2025\/01\/2023-03-27_IDunion-AP-10.5_Whitepaper_V1.01_final.pdf\" data-type=\"link\" data-id=\"https:\/\/idunion.org\/wp-content\/uploads\/2025\/01\/2023-03-27_IDunion-AP-10.5_Whitepaper_V1.01_final.pdf\" target=\"_blank\" rel=\"noreferrer noopener\">\u201eEmpowering Sustainable Products and Consumer Confidence through Verifiable Credentials\u201c<\/a><\/li>\n\n\n\n<li>Whitepaper <a href=\"https:\/\/idunion.org\/wp-content\/uploads\/2025\/01\/Whitepaper_IDunion_Digital-Identities-for-Organizations_v1.1.pdf\" data-type=\"link\" data-id=\"https:\/\/idunion.org\/wp-content\/uploads\/2025\/01\/Whitepaper_IDunion_Digital-Identities-for-Organizations_v1.1.pdf\" target=\"_blank\" rel=\"noreferrer noopener\">&#8222;Digital Identities for Organizations&#8220;<\/a><\/li>\n<\/ul>\n\n\n\n<div class=\"wp-block-group alignfull has-global-padding is-layout-constrained wp-container-core-group-is-layout-d89aad35 wp-block-group-is-layout-constrained\" style=\"margin-top:0;margin-bottom:0;padding-top:var(--wp--preset--spacing--50);padding-right:var(--wp--preset--spacing--50);padding-bottom:var(--wp--preset--spacing--50);padding-left:var(--wp--preset--spacing--50)\">\n<h2 class=\"wp-block-heading\">Contact us<\/h2>\n\n\n\n<p>Would you like to learn more about how the Digital Product Pass can be beneficial to your organization? Please email one of the contacts below and we will be happy to get back to you.<\/p>\n\n\n\n<div class=\"wp-block-group is-nowrap is-layout-flex wp-container-core-group-is-layout-6c531013 wp-block-group-is-layout-flex\">\n<figure class=\"wp-block-image size-full\"><img loading=\"lazy\" decoding=\"async\" width=\"300\" height=\"69\" src=\"https:\/\/idunion.org\/wp-content\/uploads\/2025\/01\/Bosch-logo-300x69-1.png\" alt=\"\" class=\"wp-image-820\" srcset=\"https:\/\/idunion.org\/wp-content\/uploads\/2025\/01\/Bosch-logo-300x69-1.png 300w, https:\/\/idunion.org\/wp-content\/uploads\/2025\/01\/Bosch-logo-300x69-1-18x4.png 18w\" sizes=\"auto, (max-width: 300px) 100vw, 300px\" \/><\/figure>\n\n\n\n<p><strong>Florin Coptil<\/strong>: <a href=\"mailto:florin.coptil@bosch.com\">florin.coptil@bosch.com<\/a><\/p>\n<\/div>\n\n\n\n<div class=\"wp-block-group is-nowrap is-layout-flex wp-container-core-group-is-layout-6c531013 wp-block-group-is-layout-flex\">\n<figure class=\"wp-block-image size-full\"><img loading=\"lazy\" decoding=\"async\" width=\"300\" height=\"69\" src=\"https:\/\/idunion.org\/wp-content\/uploads\/2025\/01\/Bundesanzeigerverlag-300x69-1.png\" alt=\"\" class=\"wp-image-821\" srcset=\"https:\/\/idunion.org\/wp-content\/uploads\/2025\/01\/Bundesanzeigerverlag-300x69-1.png 300w, https:\/\/idunion.org\/wp-content\/uploads\/2025\/01\/Bundesanzeigerverlag-300x69-1-18x4.png 18w\" sizes=\"auto, (max-width: 300px) 100vw, 300px\" \/><\/figure>\n\n\n\n<p><strong>Dennis Hannemann<\/strong>: <a href=\"mailto:dennis.hannemann@bundesanzeiger.de\">dennis.hannemann@bundesanzeiger.de<\/a><\/p>\n<\/div>\n\n\n\n<div class=\"wp-block-group is-nowrap is-layout-flex wp-container-core-group-is-layout-6c531013 wp-block-group-is-layout-flex\">\n<figure class=\"wp-block-image size-large is-resized\"><img loading=\"lazy\" decoding=\"async\" width=\"1024\" height=\"534\" src=\"https:\/\/idunion.org\/wp-content\/uploads\/2025\/01\/GS1_Germany_logo-1024x534.png\" alt=\"\" class=\"wp-image-823\" style=\"width:310px;height:auto\" srcset=\"https:\/\/idunion.org\/wp-content\/uploads\/2025\/01\/GS1_Germany_logo-1024x534.png 1024w, https:\/\/idunion.org\/wp-content\/uploads\/2025\/01\/GS1_Germany_logo-300x156.png 300w, https:\/\/idunion.org\/wp-content\/uploads\/2025\/01\/GS1_Germany_logo-768x400.png 768w, https:\/\/idunion.org\/wp-content\/uploads\/2025\/01\/GS1_Germany_logo-1536x801.png 1536w, https:\/\/idunion.org\/wp-content\/uploads\/2025\/01\/GS1_Germany_logo-18x9.png 18w, https:\/\/idunion.org\/wp-content\/uploads\/2025\/01\/GS1_Germany_logo.png 1872w\" sizes=\"auto, (max-width: 1024px) 100vw, 1024px\" \/><\/figure>\n\n\n\n<p><strong>Dr. Andreas F\u00fc\u00dfler:<\/strong> <a href=\"mailto:andreas.fuessler@gs1.de\">andreas.fuessler@gs1.de<\/a><\/p>\n<\/div>\n\n\n\n<div class=\"wp-block-group is-nowrap is-layout-flex wp-container-core-group-is-layout-6c531013 wp-block-group-is-layout-flex\">\n<figure class=\"wp-block-image size-full\"><img loading=\"lazy\" decoding=\"async\" width=\"307\" height=\"164\" src=\"https:\/\/idunion.org\/wp-content\/uploads\/2025\/01\/SBB-Logo.png\" alt=\"\" class=\"wp-image-824\" srcset=\"https:\/\/idunion.org\/wp-content\/uploads\/2025\/01\/SBB-Logo.png 307w, https:\/\/idunion.org\/wp-content\/uploads\/2025\/01\/SBB-Logo-300x160.png 300w, https:\/\/idunion.org\/wp-content\/uploads\/2025\/01\/SBB-Logo-18x10.png 18w\" sizes=\"auto, (max-width: 307px) 100vw, 307px\" \/><\/figure>\n\n\n\n<p><strong>Dominic<\/strong> <strong>Hurni:<\/strong> <a href=\"mailto:dominic.hurni@sbb.ch\">dominic.hurni@sbb.ch<\/a><\/p>\n<\/div>\n\n\n\n<div class=\"wp-block-group is-nowrap is-layout-flex wp-container-core-group-is-layout-6c531013 wp-block-group-is-layout-flex\">\n<figure class=\"wp-block-image size-full\"><img loading=\"lazy\" decoding=\"async\" width=\"300\" height=\"83\" src=\"https:\/\/idunion.org\/wp-content\/uploads\/2025\/01\/spherity_logo-300x83-1.png\" alt=\"\" class=\"wp-image-825\" srcset=\"https:\/\/idunion.org\/wp-content\/uploads\/2025\/01\/spherity_logo-300x83-1.png 300w, https:\/\/idunion.org\/wp-content\/uploads\/2025\/01\/spherity_logo-300x83-1-18x5.png 18w\" sizes=\"auto, (max-width: 300px) 100vw, 300px\" \/><\/figure>\n\n\n\n<p><strong>Johannes Ebert<\/strong>: <a href=\"mailto:johannes.ebert@spherity.com\">johannes.ebert@spherity.com<\/a><\/p>\n<\/div>\n\n\n\n<div class=\"wp-block-group is-nowrap is-layout-flex wp-container-core-group-is-layout-6c531013 wp-block-group-is-layout-flex\">\n<figure class=\"wp-block-image size-full\"><img loading=\"lazy\" decoding=\"async\" width=\"228\" height=\"228\" src=\"https:\/\/idunion.org\/wp-content\/uploads\/2025\/01\/th-370048278.jpg\" alt=\"\" class=\"wp-image-826\" srcset=\"https:\/\/idunion.org\/wp-content\/uploads\/2025\/01\/th-370048278.jpg 228w, https:\/\/idunion.org\/wp-content\/uploads\/2025\/01\/th-370048278-150x150.jpg 150w, https:\/\/idunion.org\/wp-content\/uploads\/2025\/01\/th-370048278-12x12.jpg 12w\" sizes=\"auto, (max-width: 228px) 100vw, 228px\" \/><\/figure>\n\n\n\n<p><strong>Dr. Sebastian Schmittner<\/strong>: <a href=\"mailto:sebastian.schmittner@eecc.de\">sebastian.schmittner@eecc.de<\/a><\/p>\n<\/div>\n<\/div>","protected":false},"excerpt":{"rendered":"<p>Warum brauchen Produkte sichere digitale Identit\u00e4ten? Use-Case Digitaler Produktpass In diesem 5-min\u00fctigen Video f\u00fchren wir in die Grundlagen des DPP ein und zeigen, wie er mit Verifiable Credentialsimplementiert werden kann: Der DPP Schritt f\u00fcr Schritt Ich bin Rohstofflieferant &#8211; welche Vorteile bietet mir der Digitale Produktpass? Als Rohstofflieferant ist es f\u00fcr mich wichtig zu wissen, [&hellip;]<\/p>\n","protected":false},"author":1,"featured_media":0,"parent":0,"menu_order":0,"comment_status":"closed","ping_status":"closed","template":"","meta":{"footnotes":""},"class_list":["post-800","page","type-page","status-publish","hentry"],"_links":{"self":[{"href":"https:\/\/idunion.org\/en\/wp-json\/wp\/v2\/pages\/800","targetHints":{"allow":["GET"]}}],"collection":[{"href":"https:\/\/idunion.org\/en\/wp-json\/wp\/v2\/pages"}],"about":[{"href":"https:\/\/idunion.org\/en\/wp-json\/wp\/v2\/types\/page"}],"author":[{"embeddable":true,"href":"https:\/\/idunion.org\/en\/wp-json\/wp\/v2\/users\/1"}],"replies":[{"embeddable":true,"href":"https:\/\/idunion.org\/en\/wp-json\/wp\/v2\/comments?post=800"}],"version-history":[{"count":19,"href":"https:\/\/idunion.org\/en\/wp-json\/wp\/v2\/pages\/800\/revisions"}],"predecessor-version":[{"id":927,"href":"https:\/\/idunion.org\/en\/wp-json\/wp\/v2\/pages\/800\/revisions\/927"}],"wp:attachment":[{"href":"https:\/\/idunion.org\/en\/wp-json\/wp\/v2\/media?parent=800"}],"curies":[{"name":"wp","href":"https:\/\/api.w.org\/{rel}","templated":true}]}}